{"id":34,"date":"2019-08-23T16:39:17","date_gmt":"2019-08-23T14:39:17","guid":{"rendered":"http:\/\/dromeardecheboisdechauffage.fr\/?page_id=34"},"modified":"2019-08-30T17:05:32","modified_gmt":"2019-08-30T15:05:32","slug":"bois-de-chauffage-drome-fagots","status":"publish","type":"page","link":"https:\/\/dromeardecheboisdechauffage.fr\/index.php\/bois-de-chauffage-drome-fagots\/","title":{"rendered":"Fagots"},"content":{"rendered":"\n<p>Notre bois de chauffage en fagots est compos\u00e9 de ch\u00eane. Les morceaux ont diff\u00e9rentes longueur. Longueur maximum 1 m.<\/p>\n\n\n\n<p>Ils conviendront parfaitement pour les fours \u00e0 pizza ou les fours boulangers.<\/p>\n\n\n\n<div class=\"wp-block-image\"><figure class=\"aligncenter\"><img loading=\"lazy\" width=\"1500\" height=\"750\" src=\"http:\/\/dromeardecheboisdechauffage.fr\/wp-content\/uploads\/2019\/08\/IMG_6326b-1500x750.jpg\" alt=\"\" class=\"wp-image-35\" srcset=\"https:\/\/dromeardecheboisdechauffage.fr\/wp-content\/uploads\/2019\/08\/IMG_6326b.jpg 1500w, https:\/\/dromeardecheboisdechauffage.fr\/wp-content\/uploads\/2019\/08\/IMG_6326b-300x150.jpg 300w, https:\/\/dromeardecheboisdechauffage.fr\/wp-content\/uploads\/2019\/08\/IMG_6326b-768x384.jpg 768w\" sizes=\"(max-width: 1500px) 100vw, 1500px\" \/><\/figure><\/div>\n","protected":false},"excerpt":{"rendered":"<p>Notre bois de chauffage en fagots est compos\u00e9 de ch\u00eane. Les morceaux ont diff\u00e9rentes longueur. Longueur maximum 1 m. Ils conviendront parfaitement pour les fours \u00e0 pizza ou les fours boulangers.<\/p>\n","protected":false},"author":1,"featured_media":0,"parent":0,"menu_order":0,"comment_status":"closed","ping_status":"closed","template":"","meta":[],"_links":{"self":[{"href":"https:\/\/dromeardecheboisdechauffage.fr\/index.php\/wp-json\/wp\/v2\/pages\/34"}],"collection":[{"href":"https:\/\/dromeardecheboisdechauffage.fr\/index.php\/wp-json\/wp\/v2\/pages"}],"about":[{"href":"https:\/\/dromeardecheboisdechauffage.fr\/index.php\/wp-json\/wp\/v2\/types\/page"}],"author":[{"embeddable":true,"href":"https:\/\/dromeardecheboisdechauffage.fr\/index.php\/wp-json\/wp\/v2\/users\/1"}],"replies":[{"embeddable":true,"href":"https:\/\/dromeardecheboisdechauffage.fr\/index.php\/wp-json\/wp\/v2\/comments?post=34"}],"version-history":[{"count":4,"href":"https:\/\/dromeardecheboisdechauffage.fr\/index.php\/wp-json\/wp\/v2\/pages\/34\/revisions"}],"predecessor-version":[{"id":116,"href":"https:\/\/dromeardecheboisdechauffage.fr\/index.php\/wp-json\/wp\/v2\/pages\/34\/revisions\/116"}],"wp:attachment":[{"href":"https:\/\/dromeardecheboisdechauffage.fr\/index.php\/wp-json\/wp\/v2\/media?parent=34"}],"curies":[{"name":"wp","href":"https:\/\/api.w.org\/{rel}","templated":true}]}}