{"id":37,"date":"2019-08-23T17:16:50","date_gmt":"2019-08-23T15:16:50","guid":{"rendered":"http:\/\/dromeardecheboisdechauffage.fr\/?page_id=37"},"modified":"2019-08-30T17:21:23","modified_gmt":"2019-08-30T15:21:23","slug":"bois-de-chauffage-drome-contact","status":"publish","type":"page","link":"https:\/\/dromeardecheboisdechauffage.fr\/index.php\/bois-de-chauffage-drome-contact\/","title":{"rendered":"Contact"},"content":{"rendered":"\n<h1>Dr\u00f4me Ard\u00e8che Bois de chauffage<\/h1>\n\n\n\n<h1>06 28 66 10 08<\/h1>\n\n\n\n<p>Dr\u00f4me Ard\u00e8che Bois de chauffage<br>Route de Bonlieu<br>26450 CLEON D&rsquo;ANDRAN<\/p>\n\n\n\n<figure class=\"wp-block-image\"><img loading=\"lazy\" width=\"733\" height=\"570\" src=\"http:\/\/dromeardecheboisdechauffage.fr\/wp-content\/uploads\/2019\/08\/drome-ardeche-bois-de-chauffage-plan-1.jpg\" alt=\"\" class=\"wp-image-119\" srcset=\"https:\/\/dromeardecheboisdechauffage.fr\/wp-content\/uploads\/2019\/08\/drome-ardeche-bois-de-chauffage-plan-1.jpg 733w, https:\/\/dromeardecheboisdechauffage.fr\/wp-content\/uploads\/2019\/08\/drome-ardeche-bois-de-chauffage-plan-1-300x233.jpg 300w\" sizes=\"(max-width: 733px) 100vw, 733px\" \/><\/figure>\n","protected":false},"excerpt":{"rendered":"<p>Dr\u00f4me Ard\u00e8che Bois de chauffage 06 28 66 10 08 Dr\u00f4me Ard\u00e8che Bois de chauffageRoute de Bonlieu26450 CLEON D&rsquo;ANDRAN<\/p>\n","protected":false},"author":1,"featured_media":0,"parent":0,"menu_order":0,"comment_status":"closed","ping_status":"closed","template":"","meta":[],"_links":{"self":[{"href":"https:\/\/dromeardecheboisdechauffage.fr\/index.php\/wp-json\/wp\/v2\/pages\/37"}],"collection":[{"href":"https:\/\/dromeardecheboisdechauffage.fr\/index.php\/wp-json\/wp\/v2\/pages"}],"about":[{"href":"https:\/\/dromeardecheboisdechauffage.fr\/index.php\/wp-json\/wp\/v2\/types\/page"}],"author":[{"embeddable":true,"href":"https:\/\/dromeardecheboisdechauffage.fr\/index.php\/wp-json\/wp\/v2\/users\/1"}],"replies":[{"embeddable":true,"href":"https:\/\/dromeardecheboisdechauffage.fr\/index.php\/wp-json\/wp\/v2\/comments?post=37"}],"version-history":[{"count":9,"href":"https:\/\/dromeardecheboisdechauffage.fr\/index.php\/wp-json\/wp\/v2\/pages\/37\/revisions"}],"predecessor-version":[{"id":120,"href":"https:\/\/dromeardecheboisdechauffage.fr\/index.php\/wp-json\/wp\/v2\/pages\/37\/revisions\/120"}],"wp:attachment":[{"href":"https:\/\/dromeardecheboisdechauffage.fr\/index.php\/wp-json\/wp\/v2\/media?parent=37"}],"curies":[{"name":"wp","href":"https:\/\/api.w.org\/{rel}","templated":true}]}}